{"id":367,"date":"2024-10-24T02:55:28","date_gmt":"2024-10-24T07:55:28","guid":{"rendered":"https:\/\/homecarsecurity.com\/?post_type=product&#038;p=367"},"modified":"2024-10-24T03:24:43","modified_gmt":"2024-10-24T08:24:43","slug":"trabagas-immobilizer-2-4-ghz","status":"publish","type":"product","link":"https:\/\/homecarsecurity.com\/?product=trabagas-immobilizer-2-4-ghz","title":{"rendered":"Trabagas Immobilizer 2.4 GHZ"},"content":{"rendered":"<p>El robo de veh\u00edculos es uno de los delitos de m\u00e1s r\u00e1pido crecimiento en el mundo a medida que los ladrones recurren al uso de equipos avanzados. Al interferir las se\u00f1ales GSM o GNSS, o desconectar los rastreadores GPS de los veh\u00edculos, los delincuentes pretenden interrumpir e inhibir el rendimiento de un dispositivo de seguimiento (Jammer), es decir, su capacidad para vigilar y recopilar informaci\u00f3n importante. Por suerte, los rastreadores Teltonika disponen de una funci\u00f3n que puede detectar las interferencias y ayudar a evitar el robo o a recuperar un veh\u00edculo robado.<\/p>\n","protected":false},"excerpt":{"rendered":"<p>Rastreador peque\u00f1o e inteligente con Bluetooth\u00ae y bater\u00eda de respaldo interna de fabricaci\u00f3n Europea.<\/p>\n","protected":false},"featured_media":372,"comment_status":"open","ping_status":"closed","template":"","meta":[],"product_brand":[],"product_cat":[41,48],"product_tag":[49],"class_list":{"0":"post-367","1":"product","2":"type-product","3":"status-publish","4":"has-post-thumbnail","6":"product_cat-tecnologia","7":"product_cat-trabagas","8":"product_tag-trabagas","10":"first","11":"instock","12":"sale","13":"taxable","14":"shipping-taxable","15":"purchasable","16":"product-type-simple"},"_links":{"self":[{"href":"https:\/\/homecarsecurity.com\/index.php?rest_route=\/wp\/v2\/product\/367","targetHints":{"allow":["GET"]}}],"collection":[{"href":"https:\/\/homecarsecurity.com\/index.php?rest_route=\/wp\/v2\/product"}],"about":[{"href":"https:\/\/homecarsecurity.com\/index.php?rest_route=\/wp\/v2\/types\/product"}],"replies":[{"embeddable":true,"href":"https:\/\/homecarsecurity.com\/index.php?rest_route=%2Fwp%2Fv2%2Fcomments&post=367"}],"wp:featuredmedia":[{"embeddable":true,"href":"https:\/\/homecarsecurity.com\/index.php?rest_route=\/wp\/v2\/media\/372"}],"wp:attachment":[{"href":"https:\/\/homecarsecurity.com\/index.php?rest_route=%2Fwp%2Fv2%2Fmedia&parent=367"}],"wp:term":[{"taxonomy":"product_brand","embeddable":true,"href":"https:\/\/homecarsecurity.com\/index.php?rest_route=%2Fwp%2Fv2%2Fproduct_brand&post=367"},{"taxonomy":"product_cat","embeddable":true,"href":"https:\/\/homecarsecurity.com\/index.php?rest_route=%2Fwp%2Fv2%2Fproduct_cat&post=367"},{"taxonomy":"product_tag","embeddable":true,"href":"https:\/\/homecarsecurity.com\/index.php?rest_route=%2Fwp%2Fv2%2Fproduct_tag&post=367"}],"curies":[{"name":"wp","href":"https:\/\/api.w.org\/{rel}","templated":true}]}}